{"id":807,"date":"2026-02-02T11:56:10","date_gmt":"2026-02-02T10:56:10","guid":{"rendered":"https:\/\/dkvinstantfuel.com\/e-mail-bestaetigung\/"},"modified":"2026-02-02T12:02:06","modified_gmt":"2026-02-02T11:02:06","slug":"email-nl-success","status":"publish","type":"page","link":"https:\/\/dkvinstantfuel.com\/en\/email-nl-success\/","title":{"rendered":"E-Mail Best\u00e4tigung (DE)"},"content":{"rendered":"","protected":false},"excerpt":{"rendered":"","protected":false},"author":3,"featured_media":0,"parent":0,"menu_order":0,"comment_status":"closed","ping_status":"closed","template":"","meta":{"footnotes":""},"class_list":["post-807","page","type-page","status-publish","hentry"],"yoast_head":"<!-- This site is optimized with the Yoast SEO plugin v26.8 - https:\/\/yoast.com\/product\/yoast-seo-wordpress\/ -->\n<title>Digitale Tankkarte f\u00fcr kleine Flotten | DKV InstantFuel<\/title>\n<meta name=\"description\" content=\"Schluss mit Zettelwirtschaft: Die digitale Tankkarte f\u00fcr Selbstst\u00e4ndige &amp; kleine Flotten. Per App zahlen, Belege automatisch erfassen &amp; exportieren. Jetzt testen!\" \/>\n<meta name=\"robots\" content=\"index, follow, max-snippet:-1, max-image-preview:large, max-video-preview:-1\" \/>\n<link rel=\"canonical\" href=\"https:\/\/dkvinstantfuel.com\/en\/email-nl-success\/\" \/>\n<meta property=\"og:locale\" content=\"en_US\" \/>\n<meta property=\"og:type\" content=\"article\" \/>\n<meta property=\"og:title\" content=\"Digitale Tankkarte f\u00fcr kleine Flotten | DKV InstantFuel\" \/>\n<meta property=\"og:description\" content=\"Schluss mit Zettelwirtschaft: Die digitale Tankkarte f\u00fcr Selbstst\u00e4ndige &amp; kleine Flotten. Per App zahlen, Belege automatisch erfassen &amp; exportieren. Jetzt testen!\" \/>\n<meta property=\"og:url\" content=\"https:\/\/dkvinstantfuel.com\/en\/email-nl-success\/\" \/>\n<meta property=\"og:site_name\" content=\"DKV InstantFuel\" \/>\n<meta property=\"article:publisher\" content=\"https:\/\/www.facebook.com\/pacetelematics\" \/>\n<meta property=\"article:modified_time\" content=\"2026-02-02T11:02:06+00:00\" \/>\n<meta name=\"twitter:label1\" content=\"Est. reading time\" \/>\n\t<meta name=\"twitter:data1\" content=\"5 minutes\" \/>\n<script type=\"application\/ld+json\" class=\"yoast-schema-graph\">{\"@context\":\"https:\/\/schema.org\",\"@graph\":[{\"@type\":\"WebPage\",\"@id\":\"https:\/\/dkvinstantfuel.com\/en\/email-nl-success\/\",\"url\":\"https:\/\/dkvinstantfuel.com\/en\/email-nl-success\/\",\"name\":\"Digitale Tankkarte f\u00fcr kleine Flotten | DKV InstantFuel\",\"isPartOf\":{\"@id\":\"https:\/\/dkvinstantfuel.com\/en\/#website\"},\"datePublished\":\"2026-02-02T10:56:10+00:00\",\"dateModified\":\"2026-02-02T11:02:06+00:00\",\"description\":\"Schluss mit Zettelwirtschaft: Die digitale Tankkarte f\u00fcr Selbstst\u00e4ndige & kleine Flotten. Per App zahlen, Belege automatisch erfassen & exportieren. Jetzt testen!\",\"breadcrumb\":{\"@id\":\"https:\/\/dkvinstantfuel.com\/en\/email-nl-success\/#breadcrumb\"},\"inLanguage\":\"en-US\",\"potentialAction\":[{\"@type\":\"ReadAction\",\"target\":[\"https:\/\/dkvinstantfuel.com\/en\/email-nl-success\/\"]}]},{\"@type\":\"BreadcrumbList\",\"@id\":\"https:\/\/dkvinstantfuel.com\/en\/email-nl-success\/#breadcrumb\",\"itemListElement\":[{\"@type\":\"ListItem\",\"position\":1,\"name\":\"Startseite\",\"item\":\"https:\/\/dkvinstantfuel.com\/en\/\"},{\"@type\":\"ListItem\",\"position\":2,\"name\":\"E-Mail Best\u00e4tigung (DE)\"}]},{\"@type\":\"WebSite\",\"@id\":\"https:\/\/dkvinstantfuel.com\/en\/#website\",\"url\":\"https:\/\/dkvinstantfuel.com\/en\/\",\"name\":\"DKV InstantFuel\",\"description\":\"\",\"potentialAction\":[{\"@type\":\"SearchAction\",\"target\":{\"@type\":\"EntryPoint\",\"urlTemplate\":\"https:\/\/dkvinstantfuel.com\/en\/?s={search_term_string}\"},\"query-input\":{\"@type\":\"PropertyValueSpecification\",\"valueRequired\":true,\"valueName\":\"search_term_string\"}}],\"inLanguage\":\"en-US\"}]}<\/script>\n<!-- \/ Yoast SEO plugin. -->","yoast_head_json":{"title":"Digitale Tankkarte f\u00fcr kleine Flotten | DKV InstantFuel","description":"Schluss mit Zettelwirtschaft: Die digitale Tankkarte f\u00fcr Selbstst\u00e4ndige & kleine Flotten. Per App zahlen, Belege automatisch erfassen & exportieren. Jetzt testen!","robots":{"index":"index","follow":"follow","max-snippet":"max-snippet:-1","max-image-preview":"max-image-preview:large","max-video-preview":"max-video-preview:-1"},"canonical":"https:\/\/dkvinstantfuel.com\/en\/email-nl-success\/","og_locale":"en_US","og_type":"article","og_title":"Digitale Tankkarte f\u00fcr kleine Flotten | DKV InstantFuel","og_description":"Schluss mit Zettelwirtschaft: Die digitale Tankkarte f\u00fcr Selbstst\u00e4ndige & kleine Flotten. Per App zahlen, Belege automatisch erfassen & exportieren. Jetzt testen!","og_url":"https:\/\/dkvinstantfuel.com\/en\/email-nl-success\/","og_site_name":"DKV InstantFuel","article_publisher":"https:\/\/www.facebook.com\/pacetelematics","article_modified_time":"2026-02-02T11:02:06+00:00","twitter_misc":{"Est. reading time":"5 minutes"},"schema":{"@context":"https:\/\/schema.org","@graph":[{"@type":"WebPage","@id":"https:\/\/dkvinstantfuel.com\/en\/email-nl-success\/","url":"https:\/\/dkvinstantfuel.com\/en\/email-nl-success\/","name":"Digitale Tankkarte f\u00fcr kleine Flotten | DKV InstantFuel","isPartOf":{"@id":"https:\/\/dkvinstantfuel.com\/en\/#website"},"datePublished":"2026-02-02T10:56:10+00:00","dateModified":"2026-02-02T11:02:06+00:00","description":"Schluss mit Zettelwirtschaft: Die digitale Tankkarte f\u00fcr Selbstst\u00e4ndige & kleine Flotten. Per App zahlen, Belege automatisch erfassen & exportieren. Jetzt testen!","breadcrumb":{"@id":"https:\/\/dkvinstantfuel.com\/en\/email-nl-success\/#breadcrumb"},"inLanguage":"en-US","potentialAction":[{"@type":"ReadAction","target":["https:\/\/dkvinstantfuel.com\/en\/email-nl-success\/"]}]},{"@type":"BreadcrumbList","@id":"https:\/\/dkvinstantfuel.com\/en\/email-nl-success\/#breadcrumb","itemListElement":[{"@type":"ListItem","position":1,"name":"Startseite","item":"https:\/\/dkvinstantfuel.com\/en\/"},{"@type":"ListItem","position":2,"name":"E-Mail Best\u00e4tigung (DE)"}]},{"@type":"WebSite","@id":"https:\/\/dkvinstantfuel.com\/en\/#website","url":"https:\/\/dkvinstantfuel.com\/en\/","name":"DKV InstantFuel","description":"","potentialAction":[{"@type":"SearchAction","target":{"@type":"EntryPoint","urlTemplate":"https:\/\/dkvinstantfuel.com\/en\/?s={search_term_string}"},"query-input":{"@type":"PropertyValueSpecification","valueRequired":true,"valueName":"search_term_string"}}],"inLanguage":"en-US"}]}},"_links":{"self":[{"href":"https:\/\/dkvinstantfuel.com\/en\/wp-json\/wp\/v2\/pages\/807","targetHints":{"allow":["GET"]}}],"collection":[{"href":"https:\/\/dkvinstantfuel.com\/en\/wp-json\/wp\/v2\/pages"}],"about":[{"href":"https:\/\/dkvinstantfuel.com\/en\/wp-json\/wp\/v2\/types\/page"}],"author":[{"embeddable":true,"href":"https:\/\/dkvinstantfuel.com\/en\/wp-json\/wp\/v2\/users\/3"}],"replies":[{"embeddable":true,"href":"https:\/\/dkvinstantfuel.com\/en\/wp-json\/wp\/v2\/comments?post=807"}],"version-history":[{"count":4,"href":"https:\/\/dkvinstantfuel.com\/en\/wp-json\/wp\/v2\/pages\/807\/revisions"}],"predecessor-version":[{"id":812,"href":"https:\/\/dkvinstantfuel.com\/en\/wp-json\/wp\/v2\/pages\/807\/revisions\/812"}],"wp:attachment":[{"href":"https:\/\/dkvinstantfuel.com\/en\/wp-json\/wp\/v2\/media?parent=807"}],"curies":[{"name":"wp","href":"https:\/\/api.w.org\/{rel}","templated":true}]}}